{"id":6753,"date":"2024-09-09T15:37:40","date_gmt":"2024-09-09T12:37:40","guid":{"rendered":"https:\/\/www.protranslate.net\/blog\/?page_id=6753"},"modified":"2024-09-23T18:10:28","modified_gmt":"2024-09-23T15:10:28","slug":"__trashed","status":"publish","type":"page","link":"https:\/\/www.protranslate.net\/blog\/pt\/","title":{"rendered":"Protranlate Blog &#8211; Portugu\u00eas"},"content":{"rendered":"<p>[et_pb_section fb_built=&#8221;1&#8243; _builder_version=&#8221;4.23&#8243; _module_preset=&#8221;default&#8221; global_colors_info=&#8221;{}&#8221;][et_pb_row _builder_version=&#8221;4.23&#8243; _module_preset=&#8221;default&#8221; global_colors_info=&#8221;{}&#8221;][et_pb_column type=&#8221;4_4&#8243; _builder_version=&#8221;4.23&#8243; _module_preset=&#8221;default&#8221; global_colors_info=&#8221;{}&#8221;][et_pb_heading title=&#8221;Protranslate Blog&#8221; _builder_version=&#8221;4.23&#8243; _module_preset=&#8221;default&#8221; title_text_align=&#8221;center&#8221; global_colors_info=&#8221;{}&#8221;][\/et_pb_heading][\/et_pb_column][\/et_pb_row][et_pb_row _builder_version=&#8221;4.23&#8243; _module_preset=&#8221;default&#8221; global_colors_info=&#8221;{}&#8221;][et_pb_column type=&#8221;4_4&#8243; _builder_version=&#8221;4.23&#8243; _module_preset=&#8221;default&#8221; global_colors_info=&#8221;{}&#8221;][et_pb_blog fullwidth=&#8221;off&#8221; posts_number=&#8221;12&#8243; show_more=&#8221;on&#8221; show_author=&#8221;off&#8221; _builder_version=&#8221;4.23&#8243; _module_preset=&#8221;default&#8221; header_text_color=&#8221;#5dcaf6&#8243; global_colors_info=&#8221;{}&#8221;][\/et_pb_blog][\/et_pb_column][\/et_pb_row][\/et_pb_section][et_pb_section fb_built=&#8221;1&#8243; _builder_version=&#8221;4.23&#8243; _module_preset=&#8221;default&#8221; background_color=&#8221;#f4f4f4&#8243; background_enable_image=&#8221;off&#8221; custom_margin=&#8221;0px||0px||false|false&#8221; custom_padding=&#8221;0px||40px||false|false&#8221; global_colors_info=&#8221;{}&#8221;][et_pb_row admin_label=&#8221;Sat\u0131r&#8221; _builder_version=&#8221;4.23&#8243; _module_preset=&#8221;default&#8221; global_colors_info=&#8221;{}&#8221;][et_pb_column type=&#8221;4_4&#8243; _builder_version=&#8221;4.23&#8243; _module_preset=&#8221;default&#8221; global_colors_info=&#8221;{}&#8221;][et_pb_divider _builder_version=&#8221;4.23&#8243; _module_preset=&#8221;default&#8221; global_colors_info=&#8221;{}&#8221;][\/et_pb_divider][\/et_pb_column][\/et_pb_row][et_pb_row column_structure=&#8221;2_3,1_3&#8243; admin_label=&#8221;Sat\u0131r&#8221; _builder_version=&#8221;4.23&#8243; _module_preset=&#8221;default&#8221; global_colors_info=&#8221;{}&#8221;][et_pb_column type=&#8221;2_3&#8243; _builder_version=&#8221;4.23&#8243; _module_preset=&#8221;default&#8221; global_colors_info=&#8221;{}&#8221;][et_pb_text _builder_version=&#8221;4.24.2&#8243; _module_preset=&#8221;default&#8221; text_font=&#8221;|700|||||||&#8221; text_text_color=&#8221;#000000&#8243; text_font_size=&#8221;32px&#8221; hover_enabled=&#8221;0&#8243; global_colors_info=&#8221;{}&#8221; sticky_enabled=&#8221;0&#8243;]<\/p>\n<p>Pronto para come\u00e7ar sua tradu\u00e7\u00e3o?<\/p>\n<p>[\/et_pb_text][\/et_pb_column][et_pb_column type=&#8221;1_3&#8243; _builder_version=&#8221;4.23&#8243; _module_preset=&#8221;default&#8221; global_colors_info=&#8221;{}&#8221;][et_pb_button button_url=&#8221;https:\/\/www.protranslate.net\/pt\/order\/&#8221; button_text=&#8221;Inicie seu pedido&#8221; _builder_version=&#8221;4.24.2&#8243; _module_preset=&#8221;default&#8221; custom_button=&#8221;on&#8221; button_text_color=&#8221;#FFFFFF&#8221; button_bg_color=&#8221;#20c131&#8243; button_border_width=&#8221;2px&#8221; button_border_color=&#8221;#20c131&#8243; button_border_radius=&#8221;20px&#8221; button_font=&#8221;|700|||||||&#8221; background_layout=&#8221;dark&#8221; hover_enabled=&#8221;0&#8243; global_colors_info=&#8221;{}&#8221; sticky_enabled=&#8221;0&#8243;][\/et_pb_button][\/et_pb_column][\/et_pb_row][\/et_pb_section][et_pb_section fb_built=&#8221;1&#8243; _builder_version=&#8221;4.23&#8243; _module_preset=&#8221;default&#8221; background_image=&#8221;https:\/\/www.protranslate.net\/blog\/wp-content\/uploads\/2023\/11\/footer-bg.jpg-1.webp&#8221; global_colors_info=&#8221;{}&#8221;][et_pb_row column_structure=&#8221;1_3,1_3,1_3&#8243; _builder_version=&#8221;4.23&#8243; _module_preset=&#8221;default&#8221; global_colors_info=&#8221;{}&#8221;][et_pb_column type=&#8221;1_3&#8243; _builder_version=&#8221;4.23&#8243; _module_preset=&#8221;default&#8221; global_colors_info=&#8221;{}&#8221;][et_pb_text _builder_version=&#8221;4.24.2&#8243; _module_preset=&#8221;default&#8221; text_text_color=&#8221;#FFFFFF&#8221; header_text_color=&#8221;#FFFFFF&#8221; header_3_text_color=&#8221;#FFFFFF&#8221; text_orientation=&#8221;center&#8221; global_colors_info=&#8221;{}&#8221;]<\/p>\n<h3>Protranslate<\/h3>\n<p>&nbsp;<\/p>\n<p><span style=\"color: #ffffff;\"><a style=\"color: #ffffff;\" href=\"https:\/\/www.protranslate.net\/pt\/\">P\u00e1gina Inicial\u200b<\/a><\/span><\/p>\n<p><span style=\"color: #ffffff;\"><a style=\"color: #ffffff;\" href=\"https:\/\/www.protranslate.net\/pt\/frequently-asked-questions\/\">Perguntas Frequentes<\/a><\/span><\/p>\n<p><span style=\"color: #ffffff;\"><a style=\"color: #ffffff;\" href=\"https:\/\/www.protranslate.net\/pt\/contact-us\/\">Contate-nos<\/a><\/span><\/p>\n<p>&nbsp;<\/p>\n<p>[\/et_pb_text][\/et_pb_column][et_pb_column type=&#8221;1_3&#8243; _builder_version=&#8221;4.23&#8243; _module_preset=&#8221;default&#8221; global_colors_info=&#8221;{}&#8221;][et_pb_text admin_label=&#8221;Texto&#8221; _builder_version=&#8221;4.24.2&#8243; _module_preset=&#8221;default&#8221; text_text_color=&#8221;#FFFFFF&#8221; header_3_text_color=&#8221;#FFFFFF&#8221; text_orientation=&#8221;center&#8221; global_colors_info=&#8221;{}&#8221;]<\/p>\n<h3>Servi\u00e7os<\/h3>\n<p>&nbsp;<\/p>\n<p><span style=\"color: #ffffff;\"><a style=\"color: #ffffff;\" href=\"https:\/\/www.protranslate.net\/pt\/order\/\">Tradu\u00e7\u00e3o Profissional<\/a><\/span><\/p>\n<p><span style=\"color: #ffffff;\"><a style=\"color: #ffffff;\" href=\"https:\/\/www.protranslate.net\/pt\/localizacao-de-sites\/\">Localiza\u00e7\u00e3o de Sites<\/a><\/span><\/p>\n<p><span style=\"color: #ffffff;\"><a style=\"color: #ffffff;\" href=\"https:\/\/www.protranslate.net\/pt\/traducao-legendas\/\">Tradu\u00e7\u00e3o Profissional de Legendas<\/a><\/span><\/p>\n<p>&nbsp;<\/p>\n<p>[\/et_pb_text][\/et_pb_column][et_pb_column type=&#8221;1_3&#8243; _builder_version=&#8221;4.23&#8243; _module_preset=&#8221;default&#8221; global_colors_info=&#8221;{}&#8221;][et_pb_text _builder_version=&#8221;4.24.2&#8243; _module_preset=&#8221;default&#8221; text_text_color=&#8221;#FFFFFF&#8221; header_3_text_color=&#8221;#FFFFFF&#8221; text_orientation=&#8221;center&#8221; global_colors_info=&#8221;{}&#8221;]<\/p>\n<h3>Responsabilidade Legal<\/h3>\n<p>&nbsp;<\/p>\n<p><span style=\"color: #ffffff;\"><a style=\"color: #ffffff;\" href=\"https:\/\/www.protranslate.net\/pt\/terms-and-conditions\/\">Termos e Condi\u00e7\u00f5es<\/a><\/span><\/p>\n<p><span style=\"color: #ffffff;\"><a style=\"color: #ffffff;\" href=\"https:\/\/www.protranslate.net\/pt\/privacy-policy\/\">Pol\u00edtica de Privacidade<\/a><\/span><\/p>\n<p>&nbsp;<\/p>\n<p>[\/et_pb_text][\/et_pb_column][\/et_pb_row][et_pb_row column_structure=&#8221;1_2,1_2&#8243; _builder_version=&#8221;4.24.2&#8243; _module_preset=&#8221;default&#8221; global_colors_info=&#8221;{}&#8221;][et_pb_column type=&#8221;1_2&#8243; _builder_version=&#8221;4.23&#8243; _module_preset=&#8221;default&#8221; global_colors_info=&#8221;{}&#8221;][\/et_pb_column][et_pb_column type=&#8221;1_2&#8243; _builder_version=&#8221;4.23&#8243; _module_preset=&#8221;default&#8221; global_colors_info=&#8221;{}&#8221;][\/et_pb_column][\/et_pb_row][\/et_pb_section]<\/p>\n","protected":false},"excerpt":{"rendered":"<p>Pronto para come\u00e7ar sua tradu\u00e7\u00e3o?Protranslate &nbsp; P\u00e1gina Inicial\u200b Perguntas Frequentes Contate-nos &nbsp;Servi\u00e7os &nbsp; Tradu\u00e7\u00e3o Profissional Localiza\u00e7\u00e3o de Sites Tradu\u00e7\u00e3o Profissional de Legendas &nbsp;Responsabilidade Legal &nbsp; Termos e Condi\u00e7\u00f5es Pol\u00edtica de Privacidade &nbsp;<\/p>\n","protected":false},"author":5,"featured_media":0,"parent":0,"menu_order":3,"comment_status":"closed","ping_status":"closed","template":"","meta":{"_et_pb_use_builder":"on","_et_pb_old_content":"","_et_gb_content_width":"","footnotes":""},"class_list":["post-6753","page","type-page","status-publish","hentry"],"yoast_head":"<!-- This site is optimized with the Yoast SEO plugin v22.3 - https:\/\/yoast.com\/wordpress\/plugins\/seo\/ -->\n<title>Protranlate Blog - Portugu\u00eas<\/title>\n<meta name=\"description\" content=\"Protranslate Blog - Leia sobre as \u00faltimas tend\u00eancias e artigos da ind\u00fastria de servi\u00e7os de tradu\u00e7\u00e3o e localiza\u00e7\u00e3o!\" \/>\n<meta name=\"robots\" content=\"index, follow, max-snippet:-1, max-image-preview:large, max-video-preview:-1\" \/>\n<link rel=\"canonical\" href=\"https:\/\/www.protranslate.net\/blog\/pt\/\" \/>\n<meta property=\"og:locale\" content=\"en_US\" \/>\n<meta property=\"og:type\" content=\"article\" \/>\n<meta property=\"og:title\" content=\"Protranlate Blog - Portugu\u00eas\" \/>\n<meta property=\"og:description\" content=\"Protranslate Blog - Leia sobre as \u00faltimas tend\u00eancias e artigos da ind\u00fastria de servi\u00e7os de tradu\u00e7\u00e3o e localiza\u00e7\u00e3o!\" \/>\n<meta property=\"og:url\" content=\"https:\/\/www.protranslate.net\/blog\/pt\/\" \/>\n<meta property=\"og:site_name\" content=\"Protranslate Blog\" \/>\n<meta property=\"article:modified_time\" content=\"2024-09-23T15:10:28+00:00\" \/>\n<meta name=\"twitter:card\" content=\"summary_large_image\" \/>\n<meta name=\"twitter:label1\" content=\"Est. reading time\" \/>\n\t<meta name=\"twitter:data1\" content=\"1 minute\" \/>\n<script type=\"application\/ld+json\" class=\"yoast-schema-graph\">{\"@context\":\"https:\/\/schema.org\",\"@graph\":[{\"@type\":\"WebPage\",\"@id\":\"https:\/\/www.protranslate.net\/blog\/pt\/\",\"url\":\"https:\/\/www.protranslate.net\/blog\/pt\/\",\"name\":\"Protranlate Blog - Portugu\u00eas\",\"isPartOf\":{\"@id\":\"https:\/\/www.protranslate.net\/blog\/#website\"},\"datePublished\":\"2024-09-09T12:37:40+00:00\",\"dateModified\":\"2024-09-23T15:10:28+00:00\",\"description\":\"Protranslate Blog - Leia sobre as \u00faltimas tend\u00eancias e artigos da ind\u00fastria de servi\u00e7os de tradu\u00e7\u00e3o e localiza\u00e7\u00e3o!\",\"breadcrumb\":{\"@id\":\"https:\/\/www.protranslate.net\/blog\/pt\/#breadcrumb\"},\"inLanguage\":\"en-US\",\"potentialAction\":[{\"@type\":\"ReadAction\",\"target\":[\"https:\/\/www.protranslate.net\/blog\/pt\/\"]}]},{\"@type\":\"BreadcrumbList\",\"@id\":\"https:\/\/www.protranslate.net\/blog\/pt\/#breadcrumb\",\"itemListElement\":[{\"@type\":\"ListItem\",\"position\":1,\"name\":\"Home\",\"item\":\"https:\/\/www.protranslate.net\/blog\/tr\/\"},{\"@type\":\"ListItem\",\"position\":2,\"name\":\"Protranlate Blog &#8211; Portugu\u00eas\"}]},{\"@type\":\"WebSite\",\"@id\":\"https:\/\/www.protranslate.net\/blog\/#website\",\"url\":\"https:\/\/www.protranslate.net\/blog\/\",\"name\":\"Protranslate Blog\",\"description\":\"\",\"potentialAction\":[{\"@type\":\"SearchAction\",\"target\":{\"@type\":\"EntryPoint\",\"urlTemplate\":\"https:\/\/www.protranslate.net\/blog\/?s={search_term_string}\"},\"query-input\":\"required name=search_term_string\"}],\"inLanguage\":\"en-US\"}]}<\/script>\n<!-- \/ Yoast SEO plugin. -->","yoast_head_json":{"title":"Protranlate Blog - Portugu\u00eas","description":"Protranslate Blog - Leia sobre as \u00faltimas tend\u00eancias e artigos da ind\u00fastria de servi\u00e7os de tradu\u00e7\u00e3o e localiza\u00e7\u00e3o!","robots":{"index":"index","follow":"follow","max-snippet":"max-snippet:-1","max-image-preview":"max-image-preview:large","max-video-preview":"max-video-preview:-1"},"canonical":"https:\/\/www.protranslate.net\/blog\/pt\/","og_locale":"en_US","og_type":"article","og_title":"Protranlate Blog - Portugu\u00eas","og_description":"Protranslate Blog - Leia sobre as \u00faltimas tend\u00eancias e artigos da ind\u00fastria de servi\u00e7os de tradu\u00e7\u00e3o e localiza\u00e7\u00e3o!","og_url":"https:\/\/www.protranslate.net\/blog\/pt\/","og_site_name":"Protranslate Blog","article_modified_time":"2024-09-23T15:10:28+00:00","twitter_card":"summary_large_image","twitter_misc":{"Est. reading time":"1 minute"},"schema":{"@context":"https:\/\/schema.org","@graph":[{"@type":"WebPage","@id":"https:\/\/www.protranslate.net\/blog\/pt\/","url":"https:\/\/www.protranslate.net\/blog\/pt\/","name":"Protranlate Blog - Portugu\u00eas","isPartOf":{"@id":"https:\/\/www.protranslate.net\/blog\/#website"},"datePublished":"2024-09-09T12:37:40+00:00","dateModified":"2024-09-23T15:10:28+00:00","description":"Protranslate Blog - Leia sobre as \u00faltimas tend\u00eancias e artigos da ind\u00fastria de servi\u00e7os de tradu\u00e7\u00e3o e localiza\u00e7\u00e3o!","breadcrumb":{"@id":"https:\/\/www.protranslate.net\/blog\/pt\/#breadcrumb"},"inLanguage":"en-US","potentialAction":[{"@type":"ReadAction","target":["https:\/\/www.protranslate.net\/blog\/pt\/"]}]},{"@type":"BreadcrumbList","@id":"https:\/\/www.protranslate.net\/blog\/pt\/#breadcrumb","itemListElement":[{"@type":"ListItem","position":1,"name":"Home","item":"https:\/\/www.protranslate.net\/blog\/tr\/"},{"@type":"ListItem","position":2,"name":"Protranlate Blog &#8211; Portugu\u00eas"}]},{"@type":"WebSite","@id":"https:\/\/www.protranslate.net\/blog\/#website","url":"https:\/\/www.protranslate.net\/blog\/","name":"Protranslate Blog","description":"","potentialAction":[{"@type":"SearchAction","target":{"@type":"EntryPoint","urlTemplate":"https:\/\/www.protranslate.net\/blog\/?s={search_term_string}"},"query-input":"required name=search_term_string"}],"inLanguage":"en-US"}]}},"_links":{"self":[{"href":"https:\/\/www.protranslate.net\/blog\/wp-json\/wp\/v2\/pages\/6753","targetHints":{"allow":["GET"]}}],"collection":[{"href":"https:\/\/www.protranslate.net\/blog\/wp-json\/wp\/v2\/pages"}],"about":[{"href":"https:\/\/www.protranslate.net\/blog\/wp-json\/wp\/v2\/types\/page"}],"author":[{"embeddable":true,"href":"https:\/\/www.protranslate.net\/blog\/wp-json\/wp\/v2\/users\/5"}],"replies":[{"embeddable":true,"href":"https:\/\/www.protranslate.net\/blog\/wp-json\/wp\/v2\/comments?post=6753"}],"version-history":[{"count":5,"href":"https:\/\/www.protranslate.net\/blog\/wp-json\/wp\/v2\/pages\/6753\/revisions"}],"predecessor-version":[{"id":7138,"href":"https:\/\/www.protranslate.net\/blog\/wp-json\/wp\/v2\/pages\/6753\/revisions\/7138"}],"wp:attachment":[{"href":"https:\/\/www.protranslate.net\/blog\/wp-json\/wp\/v2\/media?parent=6753"}],"curies":[{"name":"wp","href":"https:\/\/api.w.org\/{rel}","templated":true}]}}