{"id":162,"date":"2023-11-06T07:29:40","date_gmt":"2023-11-06T07:29:40","guid":{"rendered":"https:\/\/www.protranslate.net\/blog2\/protranslate-blog-espanol\/"},"modified":"2024-09-09T18:44:01","modified_gmt":"2024-09-09T15:44:01","slug":"protranslate-blog-espanol","status":"publish","type":"page","link":"https:\/\/www.protranslate.net\/blog\/es\/","title":{"rendered":"Protranslate Blog &#8211; Espa\u00f1ol"},"content":{"rendered":"<p>[et_pb_section fb_built=&#8221;1&#8243; _builder_version=&#8221;4.23&#8243; _module_preset=&#8221;default&#8221; global_colors_info=&#8221;{}&#8221;][et_pb_row _builder_version=&#8221;4.23&#8243; _module_preset=&#8221;default&#8221; global_colors_info=&#8221;{}&#8221;][et_pb_column type=&#8221;4_4&#8243; _builder_version=&#8221;4.23&#8243; _module_preset=&#8221;default&#8221; global_colors_info=&#8221;{}&#8221;][et_pb_heading title=&#8221;Protranslate Blog&#8221; _builder_version=&#8221;4.23&#8243; _module_preset=&#8221;default&#8221; title_text_align=&#8221;center&#8221; global_colors_info=&#8221;{}&#8221;][\/et_pb_heading][\/et_pb_column][\/et_pb_row][et_pb_row _builder_version=&#8221;4.23&#8243; _module_preset=&#8221;default&#8221; global_colors_info=&#8221;{}&#8221;][et_pb_column type=&#8221;4_4&#8243; _builder_version=&#8221;4.23&#8243; _module_preset=&#8221;default&#8221; global_colors_info=&#8221;{}&#8221;][et_pb_blog fullwidth=&#8221;off&#8221; posts_number=&#8221;12&#8243; show_more=&#8221;on&#8221; show_author=&#8221;off&#8221; module_class=&#8221;pa-blog-load-more&#8221; _builder_version=&#8221;4.24.2&#8243; _module_preset=&#8221;default&#8221; header_text_color=&#8221;#5dcaf6&#8243; global_colors_info=&#8221;{}&#8221;][\/et_pb_blog][\/et_pb_column][\/et_pb_row][\/et_pb_section][et_pb_section fb_built=&#8221;1&#8243; _builder_version=&#8221;4.23&#8243; _module_preset=&#8221;default&#8221; background_color=&#8221;#f4f4f4&#8243; background_enable_image=&#8221;off&#8221; custom_margin=&#8221;0px||0px||false|false&#8221; custom_padding=&#8221;0px||40px||false|false&#8221; global_colors_info=&#8221;{}&#8221;][et_pb_row admin_label=&#8221;Sat\u0131r&#8221; _builder_version=&#8221;4.23&#8243; _module_preset=&#8221;default&#8221; global_colors_info=&#8221;{}&#8221;][et_pb_column type=&#8221;4_4&#8243; _builder_version=&#8221;4.23&#8243; _module_preset=&#8221;default&#8221; global_colors_info=&#8221;{}&#8221;][et_pb_divider _builder_version=&#8221;4.23&#8243; _module_preset=&#8221;default&#8221; global_colors_info=&#8221;{}&#8221;][\/et_pb_divider][\/et_pb_column][\/et_pb_row][et_pb_row column_structure=&#8221;2_3,1_3&#8243; admin_label=&#8221;Sat\u0131r&#8221; _builder_version=&#8221;4.23&#8243; _module_preset=&#8221;default&#8221; global_colors_info=&#8221;{}&#8221;][et_pb_column type=&#8221;2_3&#8243; _builder_version=&#8221;4.23&#8243; _module_preset=&#8221;default&#8221; global_colors_info=&#8221;{}&#8221;][et_pb_text _builder_version=&#8221;4.24.2&#8243; _module_preset=&#8221;default&#8221; text_font=&#8221;|700|||||||&#8221; text_text_color=&#8221;#000000&#8243; text_font_size=&#8221;32px&#8221; global_colors_info=&#8221;{}&#8221;]\u00bfListo para comenzar su traducci\u00f3n?[\/et_pb_text][\/et_pb_column][et_pb_column type=&#8221;1_3&#8243; _builder_version=&#8221;4.23&#8243; _module_preset=&#8221;default&#8221; global_colors_info=&#8221;{}&#8221;][et_pb_button button_url=&#8221;https:\/\/www.protranslate.net\/es\/order\/&#8221; button_text=&#8221;Solicita una cotizaci\u00f3n&#8221; _builder_version=&#8221;4.24.2&#8243; _module_preset=&#8221;default&#8221; custom_button=&#8221;on&#8221; button_text_color=&#8221;#FFFFFF&#8221; button_bg_color=&#8221;#20c131&#8243; button_border_width=&#8221;2px&#8221; button_border_color=&#8221;#20c131&#8243; button_border_radius=&#8221;20px&#8221; button_font=&#8221;|700|||||||&#8221; background_layout=&#8221;dark&#8221; global_colors_info=&#8221;{}&#8221;][\/et_pb_button][\/et_pb_column][\/et_pb_row][\/et_pb_section][et_pb_section fb_built=&#8221;1&#8243; _builder_version=&#8221;4.23&#8243; _module_preset=&#8221;default&#8221; background_image=&#8221;https:\/\/www.protranslate.net\/blog\/wp-content\/uploads\/2023\/11\/footer-bg.jpg-3.webp&#8221; global_colors_info=&#8221;{}&#8221;][et_pb_row column_structure=&#8221;1_3,1_3,1_3&#8243; _builder_version=&#8221;4.23&#8243; _module_preset=&#8221;default&#8221; global_colors_info=&#8221;{}&#8221;][et_pb_column type=&#8221;1_3&#8243; _builder_version=&#8221;4.23&#8243; _module_preset=&#8221;default&#8221; global_colors_info=&#8221;{}&#8221;][et_pb_text _builder_version=&#8221;4.24.2&#8243; _module_preset=&#8221;default&#8221; text_text_color=&#8221;#FFFFFF&#8221; header_text_color=&#8221;#FFFFFF&#8221; header_3_text_color=&#8221;#FFFFFF&#8221; text_orientation=&#8221;center&#8221; global_colors_info=&#8221;{}&#8221;]<\/p>\n<h3>Protranslate<\/h3>\n<p>&nbsp;<\/p>\n<p><a style=\"color: #ffffff;\" href=\"https:\/\/www.protranslate.net\/es\/\">P\u00e1gina Principal<\/a><\/p>\n<p><a style=\"color: #ffffff;\" href=\"https:\/\/www.protranslate.net\/es\/preguntas-mas-frecuentes\/\">Preguntas M\u00e1s Frecuentes<\/a><\/p>\n<p><a style=\"color: #ffffff;\" href=\"https:\/\/www.protranslate.net\/es\/referencias\/\">Referencias<\/a><\/p>\n<p><a style=\"color: #ffffff;\" href=\"https:\/\/www.protranslate.net\/es\/nuestras-noticias\/\">Nuestras Noticias<\/a><\/p>\n<p><a style=\"color: #ffffff;\" href=\"https:\/\/www.protranslate.net\/es\/traductor-aplicacion\/\">Aplicaci\u00f3n de Traductores<\/a><\/p>\n<p><a style=\"color: #ffffff;\" href=\"https:\/\/www.protranslate.net\/es\/contact-us\/\">Contacto<\/a><\/p>\n<p>[\/et_pb_text][\/et_pb_column][et_pb_column type=&#8221;1_3&#8243; _builder_version=&#8221;4.23&#8243; _module_preset=&#8221;default&#8221; global_colors_info=&#8221;{}&#8221;][et_pb_text _builder_version=&#8221;4.24.2&#8243; _module_preset=&#8221;default&#8221; text_text_color=&#8221;#FFFFFF&#8221; header_3_text_color=&#8221;#FFFFFF&#8221; text_orientation=&#8221;center&#8221; global_colors_info=&#8221;{}&#8221;]<\/p>\n<h3>Servicios<\/h3>\n<p>&nbsp;<\/p>\n<p><a style=\"color: #FFFFFF;\" href=\"https:\/\/www.protranslate.net\/es\/order\/\">Traducci\u00f3n Profesional<\/a><\/p>\n<p><a style=\"color: #FFFFFF;\" href=\"https:\/\/www.protranslate.net\/es\/content-order\/\">Generaci\u00f3n de contenidos<\/a><\/p>\n<p><a style=\"color: #FFFFFF;\" href=\"https:\/\/www.protranslate.net\/es\/traduccion-de-subtitulos-de-youtube\/\">Servicio de Traducci\u00f3n de Subt\u00edtulos de YouTube<\/a><\/p>\n<p>[\/et_pb_text][\/et_pb_column][et_pb_column type=&#8221;1_3&#8243; _builder_version=&#8221;4.23&#8243; _module_preset=&#8221;default&#8221; global_colors_info=&#8221;{}&#8221;][et_pb_text _builder_version=&#8221;4.24.2&#8243; _module_preset=&#8221;default&#8221; text_text_color=&#8221;#FFFFFF&#8221; header_3_text_color=&#8221;#FFFFFF&#8221; text_orientation=&#8221;center&#8221; global_colors_info=&#8221;{}&#8221;]<\/p>\n<h3>Legal Liability<\/h3>\n<p>&nbsp;<\/p>\n<p><a style=\"color: #FFFFFF;\" href=\"https:\/\/www.protranslate.net\/es\/terms-and-conditions\/\">T\u00e9rminos y Condiciones<\/a><\/p>\n<p><a style=\"color: #FFFFFF;\" href=\"https:\/\/www.protranslate.net\/es\/privacy-policy\/\">Pol\u00edtica de Privacidad<\/a><\/p>\n<p>[\/et_pb_text][\/et_pb_column][\/et_pb_row][et_pb_row column_structure=&#8221;1_2,1_2&#8243; _builder_version=&#8221;4.23&#8243; _module_preset=&#8221;default&#8221; global_colors_info=&#8221;{}&#8221;][et_pb_column type=&#8221;1_2&#8243; _builder_version=&#8221;4.23&#8243; _module_preset=&#8221;default&#8221; global_colors_info=&#8221;{}&#8221;][\/et_pb_column][et_pb_column type=&#8221;1_2&#8243; _builder_version=&#8221;4.23&#8243; _module_preset=&#8221;default&#8221; global_colors_info=&#8221;{}&#8221;][\/et_pb_column][\/et_pb_row][\/et_pb_section]<\/p>\n","protected":false},"excerpt":{"rendered":"<p>\u00bfListo para comenzar su traducci\u00f3n?Protranslate &nbsp; P\u00e1gina Principal Preguntas M\u00e1s Frecuentes Referencias Nuestras Noticias Aplicaci\u00f3n de Traductores ContactoServicios &nbsp; Traducci\u00f3n Profesional Generaci\u00f3n de contenidos Servicio de Traducci\u00f3n de Subt\u00edtulos de YouTubeLegal Liability &nbsp; T\u00e9rminos y Condiciones Pol\u00edtica de Privacidad<\/p>\n","protected":false},"author":4,"featured_media":0,"parent":0,"menu_order":6,"comment_status":"closed","ping_status":"closed","template":"","meta":{"_et_pb_use_builder":"on","_et_pb_old_content":"","_et_gb_content_width":"","footnotes":""},"class_list":["post-162","page","type-page","status-publish","hentry"],"yoast_head":"<!-- This site is optimized with the Yoast SEO plugin v22.3 - https:\/\/yoast.com\/wordpress\/plugins\/seo\/ -->\n<title>Protranslate Blog - Espa\u00f1ol<\/title>\n<meta name=\"description\" content=\"Blog de Protranslate: lea sobre las \u00faltimas tendencias de la industria y art\u00edculos de la industria de servicios de traducci\u00f3n y localizaci\u00f3n.\" \/>\n<meta name=\"robots\" content=\"index, follow, max-snippet:-1, max-image-preview:large, max-video-preview:-1\" \/>\n<link rel=\"canonical\" href=\"https:\/\/www.protranslate.net\/blog\/es\/\" \/>\n<meta property=\"og:locale\" content=\"en_US\" \/>\n<meta property=\"og:type\" content=\"article\" \/>\n<meta property=\"og:title\" content=\"Protranslate Blog - Espa\u00f1ol\" \/>\n<meta property=\"og:description\" content=\"Blog de Protranslate: lea sobre las \u00faltimas tendencias de la industria y art\u00edculos de la industria de servicios de traducci\u00f3n y localizaci\u00f3n.\" \/>\n<meta property=\"og:url\" content=\"https:\/\/www.protranslate.net\/blog\/es\/\" \/>\n<meta property=\"og:site_name\" content=\"Protranslate Blog\" \/>\n<meta property=\"article:modified_time\" content=\"2024-09-09T15:44:01+00:00\" \/>\n<meta name=\"twitter:card\" content=\"summary_large_image\" \/>\n<meta name=\"twitter:label1\" content=\"Est. reading time\" \/>\n\t<meta name=\"twitter:data1\" content=\"6 minutes\" \/>\n<script type=\"application\/ld+json\" class=\"yoast-schema-graph\">{\"@context\":\"https:\/\/schema.org\",\"@graph\":[{\"@type\":\"WebPage\",\"@id\":\"https:\/\/www.protranslate.net\/blog\/es\/\",\"url\":\"https:\/\/www.protranslate.net\/blog\/es\/\",\"name\":\"Protranslate Blog - Espa\u00f1ol\",\"isPartOf\":{\"@id\":\"https:\/\/www.protranslate.net\/blog\/#website\"},\"datePublished\":\"2023-11-06T07:29:40+00:00\",\"dateModified\":\"2024-09-09T15:44:01+00:00\",\"description\":\"Blog de Protranslate: lea sobre las \u00faltimas tendencias de la industria y art\u00edculos de la industria de servicios de traducci\u00f3n y localizaci\u00f3n.\",\"breadcrumb\":{\"@id\":\"https:\/\/www.protranslate.net\/blog\/es\/#breadcrumb\"},\"inLanguage\":\"en-US\",\"potentialAction\":[{\"@type\":\"ReadAction\",\"target\":[\"https:\/\/www.protranslate.net\/blog\/es\/\"]}]},{\"@type\":\"BreadcrumbList\",\"@id\":\"https:\/\/www.protranslate.net\/blog\/es\/#breadcrumb\",\"itemListElement\":[{\"@type\":\"ListItem\",\"position\":1,\"name\":\"Home\",\"item\":\"https:\/\/www.protranslate.net\/blog\/tr\/\"},{\"@type\":\"ListItem\",\"position\":2,\"name\":\"Protranslate Blog &#8211; Espa\u00f1ol\"}]},{\"@type\":\"WebSite\",\"@id\":\"https:\/\/www.protranslate.net\/blog\/#website\",\"url\":\"https:\/\/www.protranslate.net\/blog\/\",\"name\":\"Protranslate Blog\",\"description\":\"\",\"potentialAction\":[{\"@type\":\"SearchAction\",\"target\":{\"@type\":\"EntryPoint\",\"urlTemplate\":\"https:\/\/www.protranslate.net\/blog\/?s={search_term_string}\"},\"query-input\":\"required name=search_term_string\"}],\"inLanguage\":\"en-US\"}]}<\/script>\n<!-- \/ Yoast SEO plugin. -->","yoast_head_json":{"title":"Protranslate Blog - Espa\u00f1ol","description":"Blog de Protranslate: lea sobre las \u00faltimas tendencias de la industria y art\u00edculos de la industria de servicios de traducci\u00f3n y localizaci\u00f3n.","robots":{"index":"index","follow":"follow","max-snippet":"max-snippet:-1","max-image-preview":"max-image-preview:large","max-video-preview":"max-video-preview:-1"},"canonical":"https:\/\/www.protranslate.net\/blog\/es\/","og_locale":"en_US","og_type":"article","og_title":"Protranslate Blog - Espa\u00f1ol","og_description":"Blog de Protranslate: lea sobre las \u00faltimas tendencias de la industria y art\u00edculos de la industria de servicios de traducci\u00f3n y localizaci\u00f3n.","og_url":"https:\/\/www.protranslate.net\/blog\/es\/","og_site_name":"Protranslate Blog","article_modified_time":"2024-09-09T15:44:01+00:00","twitter_card":"summary_large_image","twitter_misc":{"Est. reading time":"6 minutes"},"schema":{"@context":"https:\/\/schema.org","@graph":[{"@type":"WebPage","@id":"https:\/\/www.protranslate.net\/blog\/es\/","url":"https:\/\/www.protranslate.net\/blog\/es\/","name":"Protranslate Blog - Espa\u00f1ol","isPartOf":{"@id":"https:\/\/www.protranslate.net\/blog\/#website"},"datePublished":"2023-11-06T07:29:40+00:00","dateModified":"2024-09-09T15:44:01+00:00","description":"Blog de Protranslate: lea sobre las \u00faltimas tendencias de la industria y art\u00edculos de la industria de servicios de traducci\u00f3n y localizaci\u00f3n.","breadcrumb":{"@id":"https:\/\/www.protranslate.net\/blog\/es\/#breadcrumb"},"inLanguage":"en-US","potentialAction":[{"@type":"ReadAction","target":["https:\/\/www.protranslate.net\/blog\/es\/"]}]},{"@type":"BreadcrumbList","@id":"https:\/\/www.protranslate.net\/blog\/es\/#breadcrumb","itemListElement":[{"@type":"ListItem","position":1,"name":"Home","item":"https:\/\/www.protranslate.net\/blog\/tr\/"},{"@type":"ListItem","position":2,"name":"Protranslate Blog &#8211; Espa\u00f1ol"}]},{"@type":"WebSite","@id":"https:\/\/www.protranslate.net\/blog\/#website","url":"https:\/\/www.protranslate.net\/blog\/","name":"Protranslate Blog","description":"","potentialAction":[{"@type":"SearchAction","target":{"@type":"EntryPoint","urlTemplate":"https:\/\/www.protranslate.net\/blog\/?s={search_term_string}"},"query-input":"required name=search_term_string"}],"inLanguage":"en-US"}]}},"_links":{"self":[{"href":"https:\/\/www.protranslate.net\/blog\/wp-json\/wp\/v2\/pages\/162","targetHints":{"allow":["GET"]}}],"collection":[{"href":"https:\/\/www.protranslate.net\/blog\/wp-json\/wp\/v2\/pages"}],"about":[{"href":"https:\/\/www.protranslate.net\/blog\/wp-json\/wp\/v2\/types\/page"}],"author":[{"embeddable":true,"href":"https:\/\/www.protranslate.net\/blog\/wp-json\/wp\/v2\/users\/4"}],"replies":[{"embeddable":true,"href":"https:\/\/www.protranslate.net\/blog\/wp-json\/wp\/v2\/comments?post=162"}],"version-history":[{"count":11,"href":"https:\/\/www.protranslate.net\/blog\/wp-json\/wp\/v2\/pages\/162\/revisions"}],"predecessor-version":[{"id":6816,"href":"https:\/\/www.protranslate.net\/blog\/wp-json\/wp\/v2\/pages\/162\/revisions\/6816"}],"wp:attachment":[{"href":"https:\/\/www.protranslate.net\/blog\/wp-json\/wp\/v2\/media?parent=162"}],"curies":[{"name":"wp","href":"https:\/\/api.w.org\/{rel}","templated":true}]}}